{"id":202,"date":"2025-08-27T07:43:41","date_gmt":"2025-08-27T07:43:41","guid":{"rendered":"https:\/\/pictureurpath.eu\/?page_id=202"},"modified":"2026-03-21T19:17:23","modified_gmt":"2026-03-21T19:17:23","slug":"news","status":"publish","type":"page","link":"https:\/\/pictureurpath.eu\/?page_id=202&lang=it","title":{"rendered":"NEWS"},"content":{"rendered":"\t\t<div data-elementor-type=\"wp-page\" data-elementor-id=\"202\" class=\"elementor elementor-202\">\n\t\t\t\t<div class=\"elementor-element elementor-element-2dfa395 e-flex e-con-boxed e-con e-parent\" data-id=\"2dfa395\" data-element_type=\"container\" data-e-type=\"container\" data-settings=\"{&quot;shape_divider_bottom&quot;:&quot;mountains&quot;}\">\n\t\t\t\t\t<div class=\"e-con-inner\">\n\t\t\t\t<div class=\"elementor-shape elementor-shape-bottom\" aria-hidden=\"true\" data-negative=\"false\">\n\t\t\t<svg xmlns=\"http:\/\/www.w3.org\/2000\/svg\" viewBox=\"0 0 1000 100\" preserveAspectRatio=\"none\">\n\t<path class=\"elementor-shape-fill\" opacity=\"0.33\" d=\"M473,67.3c-203.9,88.3-263.1-34-320.3,0C66,119.1,0,59.7,0,59.7V0h1000v59.7 c0,0-62.1,26.1-94.9,29.3c-32.8,3.3-62.8-12.3-75.8-22.1C806,49.6,745.3,8.7,694.9,4.7S492.4,59,473,67.3z\"\/>\n\t<path class=\"elementor-shape-fill\" opacity=\"0.66\" d=\"M734,67.3c-45.5,0-77.2-23.2-129.1-39.1c-28.6-8.7-150.3-10.1-254,39.1 s-91.7-34.4-149.2,0C115.7,118.3,0,39.8,0,39.8V0h1000v36.5c0,0-28.2-18.5-92.1-18.5C810.2,18.1,775.7,67.3,734,67.3z\"\/>\n\t<path class=\"elementor-shape-fill\" d=\"M766.1,28.9c-200-57.5-266,65.5-395.1,19.5C242,1.8,242,5.4,184.8,20.6C128,35.8,132.3,44.9,89.9,52.5C28.6,63.7,0,0,0,0 h1000c0,0-9.9,40.9-83.6,48.1S829.6,47,766.1,28.9z\"\/>\n<\/svg>\t\t<\/div>\n\t\t\t\t<div class=\"elementor-element elementor-element-580e753 elementor-widget elementor-widget-heading\" data-id=\"580e753\" data-element_type=\"widget\" data-e-type=\"widget\" data-widget_type=\"heading.default\">\n\t\t\t\t\t<h2 class=\"elementor-heading-title elementor-size-default\">pICTureURpath \n<\/h2>\t\t\t\t<\/div>\n\t\t\t\t<div class=\"elementor-element elementor-element-1b5ab98 elementor-widget__width-initial elementor-widget elementor-widget-heading\" data-id=\"1b5ab98\" data-element_type=\"widget\" data-e-type=\"widget\" data-widget_type=\"heading.default\">\n\t\t\t\t\t<h2 class=\"elementor-heading-title elementor-size-default\">Fostering gender balance in pursuing ICT related studies and professions<\/h2>\t\t\t\t<\/div>\n\t\t\t\t\t<\/div>\n\t\t\t\t<\/div>\n\t\t<div class=\"elementor-element elementor-element-520b481 e-flex e-con-boxed e-con e-parent\" data-id=\"520b481\" data-element_type=\"container\" data-e-type=\"container\">\n\t\t\t\t\t<div class=\"e-con-inner\">\n\t\t\t\t<div class=\"elementor-element elementor-element-643b7ad elementor-widget elementor-widget-spacer\" data-id=\"643b7ad\" data-element_type=\"widget\" data-e-type=\"widget\" data-widget_type=\"spacer.default\">\n\t\t\t\t\t\t\t<div class=\"elementor-spacer\">\n\t\t\t<div class=\"elementor-spacer-inner\"><\/div>\n\t\t<\/div>\n\t\t\t\t\t\t<\/div>\n\t\t\t\t\t<\/div>\n\t\t\t\t<\/div>\n\t\t<div class=\"elementor-element elementor-element-44b5d58 e-flex e-con-boxed e-con e-parent\" data-id=\"44b5d58\" data-element_type=\"container\" data-e-type=\"container\">\n\t\t\t\t\t<div class=\"e-con-inner\">\n\t\t\t\t<div class=\"elementor-element elementor-element-d0b42bf elementor-widget elementor-widget-heading\" data-id=\"d0b42bf\" data-element_type=\"widget\" data-e-type=\"widget\" data-widget_type=\"heading.default\">\n\t\t\t\t\t<h2 class=\"elementor-heading-title elementor-size-default\">NEWS<\/h2>\t\t\t\t<\/div>\n\t\t\t\t\t<\/div>\n\t\t\t\t<\/div>\n\t\t<div class=\"elementor-element elementor-element-f184f80 e-flex e-con-boxed e-con e-parent\" data-id=\"f184f80\" data-element_type=\"container\" data-e-type=\"container\">\n\t\t\t\t\t<div class=\"e-con-inner\">\n\t\t<div class=\"elementor-element elementor-element-fbd7081 e-con-full e-flex e-con e-child\" data-id=\"fbd7081\" data-element_type=\"container\" data-e-type=\"container\">\n\t\t\t\t<div class=\"elementor-element elementor-element-d4d926f elementor-widget elementor-widget-image\" data-id=\"d4d926f\" data-element_type=\"widget\" data-e-type=\"widget\" data-widget_type=\"image.default\">\n\t\t\t\t\t\t\t\t\t\t\t\t\t\t\t<img fetchpriority=\"high\" decoding=\"async\" width=\"551\" height=\"318\" src=\"https:\/\/pictureurpath.eu\/wp-content\/uploads\/2026\/03\/newspictpath.jpg\" class=\"attachment-large size-large wp-image-770\" alt=\"\" srcset=\"https:\/\/pictureurpath.eu\/wp-content\/uploads\/2026\/03\/newspictpath.jpg 551w, https:\/\/pictureurpath.eu\/wp-content\/uploads\/2026\/03\/newspictpath-300x173.jpg 300w\" sizes=\"(max-width: 551px) 100vw, 551px\" \/>\t\t\t\t\t\t\t\t\t\t\t\t\t\t\t<\/div>\n\t\t\t\t<\/div>\n\t\t\t\t\t<\/div>\n\t\t\t\t<\/div>\n\t\t<div class=\"elementor-element elementor-element-376f644 e-flex e-con-boxed e-con e-parent\" data-id=\"376f644\" data-element_type=\"container\" data-e-type=\"container\">\n\t\t\t\t\t<div class=\"e-con-inner\">\n\t\t<div class=\"elementor-element elementor-element-c7d4625 e-con-full e-flex e-con e-child\" data-id=\"c7d4625\" data-element_type=\"container\" data-e-type=\"container\">\n\t\t<div class=\"elementor-element elementor-element-522984c e-con-full e-flex e-con e-child\" data-id=\"522984c\" data-element_type=\"container\" data-e-type=\"container\">\n\t\t\t\t<div class=\"elementor-element elementor-element-afbe182 elementor-widget elementor-widget-image\" data-id=\"afbe182\" data-element_type=\"widget\" data-e-type=\"widget\" data-widget_type=\"image.default\">\n\t\t\t\t\t\t\t\t\t\t\t\t\t\t\t<img decoding=\"async\" width=\"106\" height=\"108\" src=\"https:\/\/pictureurpath.eu\/wp-content\/uploads\/2026\/03\/9.3eng-2.jpg\" class=\"attachment-large size-large wp-image-820\" alt=\"\" \/>\t\t\t\t\t\t\t\t\t\t\t\t\t\t\t<\/div>\n\t\t\t\t<\/div>\n\t\t<div class=\"elementor-element elementor-element-a0e08e7 e-con-full e-flex e-con e-child\" data-id=\"a0e08e7\" data-element_type=\"container\" data-e-type=\"container\">\n\t\t\t\t<div class=\"elementor-element elementor-element-e136341 elementor-widget elementor-widget-heading\" data-id=\"e136341\" data-element_type=\"widget\" data-e-type=\"widget\" data-widget_type=\"heading.default\">\n\t\t\t\t\t<h2 class=\"elementor-heading-title elementor-size-default\">\ud83c\udf0d Together for Girls in ICT: Understanding Challenges, Shaping Solutions <\/h2>\t\t\t\t<\/div>\n\t\t\t\t<div class=\"elementor-element elementor-element-ebe2647 elementor-widget elementor-widget-button\" data-id=\"ebe2647\" data-element_type=\"widget\" data-e-type=\"widget\" data-widget_type=\"button.default\">\n\t\t\t\t\t\t\t\t\t\t<a class=\"elementor-button elementor-button-link elementor-size-sm\" href=\"https:\/\/pictureurpath.eu\/?page_id=945&#038;lang=it\" target=\"_blank\">\n\t\t\t\t\t\t<span class=\"elementor-button-content-wrapper\">\n\t\t\t\t\t\t\t\t\t<span class=\"elementor-button-text\"> Per saperne di pi\u00f9<\/span>\n\t\t\t\t\t<\/span>\n\t\t\t\t\t<\/a>\n\t\t\t\t\t\t\t\t<\/div>\n\t\t\t\t<\/div>\n\t\t\t\t<\/div>\n\t\t\t\t\t<\/div>\n\t\t\t\t<\/div>\n\t\t<div class=\"elementor-element elementor-element-2e5f980 e-flex e-con-boxed e-con e-parent\" data-id=\"2e5f980\" data-element_type=\"container\" data-e-type=\"container\">\n\t\t\t\t\t<div class=\"e-con-inner\">\n\t\t<div class=\"elementor-element elementor-element-262641a e-con-full e-flex e-con e-child\" data-id=\"262641a\" data-element_type=\"container\" data-e-type=\"container\">\n\t\t\t\t<div class=\"elementor-element elementor-element-c5b01d9 elementor-widget elementor-widget-image\" data-id=\"c5b01d9\" data-element_type=\"widget\" data-e-type=\"widget\" data-widget_type=\"image.default\">\n\t\t\t\t\t\t\t\t\t\t\t\t\t\t\t<img decoding=\"async\" width=\"279\" height=\"265\" src=\"https:\/\/pictureurpath.eu\/wp-content\/uploads\/2026\/01\/Capture563-1.jpg\" class=\"attachment-large size-large wp-image-683\" alt=\"\" \/>\t\t\t\t\t\t\t\t\t\t\t\t\t\t\t<\/div>\n\t\t\t\t<\/div>\n\t\t\t\t\t<\/div>\n\t\t\t\t<\/div>\n\t\t<div class=\"elementor-element elementor-element-fc65181 e-flex e-con-boxed e-con e-parent\" data-id=\"fc65181\" data-element_type=\"container\" data-e-type=\"container\">\n\t\t\t\t\t<div class=\"e-con-inner\">\n\t\t<div class=\"elementor-element elementor-element-880a003 e-con-full e-flex e-con e-child\" data-id=\"880a003\" data-element_type=\"container\" data-e-type=\"container\">\n\t\t<div class=\"elementor-element elementor-element-9db2039 e-con-full e-flex e-con e-child\" data-id=\"9db2039\" data-element_type=\"container\" data-e-type=\"container\">\n\t\t\t\t<div class=\"elementor-element elementor-element-e6854d5 elementor-widget elementor-widget-image\" data-id=\"e6854d5\" data-element_type=\"widget\" data-e-type=\"widget\" data-widget_type=\"image.default\">\n\t\t\t\t\t\t\t\t\t\t\t\t\t\t\t<img loading=\"lazy\" decoding=\"async\" width=\"80\" height=\"92\" src=\"https:\/\/pictureurpath.eu\/wp-content\/uploads\/2026\/02\/5.1it.jpg\" class=\"attachment-large size-large wp-image-760\" alt=\"\" \/>\t\t\t\t\t\t\t\t\t\t\t\t\t\t\t<\/div>\n\t\t\t\t<\/div>\n\t\t<div class=\"elementor-element elementor-element-3bad57f e-con-full e-flex e-con e-child\" data-id=\"3bad57f\" data-element_type=\"container\" data-e-type=\"container\">\n\t\t\t\t<div class=\"elementor-element elementor-element-ad09e34 elementor-widget elementor-widget-heading\" data-id=\"ad09e34\" data-element_type=\"widget\" data-e-type=\"widget\" data-widget_type=\"heading.default\">\n\t\t\t\t\t<h2 class=\"elementor-heading-title elementor-size-default\">La Community e il questionario online del progetto pICTureURpath sono ora attivi!<\/h2>\t\t\t\t<\/div>\n\t\t\t\t<div class=\"elementor-element elementor-element-83e76a0 elementor-widget elementor-widget-button\" data-id=\"83e76a0\" data-element_type=\"widget\" data-e-type=\"widget\" data-widget_type=\"button.default\">\n\t\t\t\t\t\t\t\t\t\t<a class=\"elementor-button elementor-button-link elementor-size-sm\" href=\"https:\/\/pictureurpath.eu\/?page_id=912&#038;lang=it\">\n\t\t\t\t\t\t<span class=\"elementor-button-content-wrapper\">\n\t\t\t\t\t\t\t\t\t<span class=\"elementor-button-text\"> Per saperne di pi\u00f9<\/span>\n\t\t\t\t\t<\/span>\n\t\t\t\t\t<\/a>\n\t\t\t\t\t\t\t\t<\/div>\n\t\t\t\t<\/div>\n\t\t\t\t<\/div>\n\t\t\t\t\t<\/div>\n\t\t\t\t<\/div>\n\t\t<div class=\"elementor-element elementor-element-b54ce91 e-flex e-con-boxed e-con e-parent\" data-id=\"b54ce91\" data-element_type=\"container\" data-e-type=\"container\">\n\t\t\t\t\t<div class=\"e-con-inner\">\n\t\t<div class=\"elementor-element elementor-element-36222da e-con-full e-flex e-con e-child\" data-id=\"36222da\" data-element_type=\"container\" data-e-type=\"container\">\n\t\t<div class=\"elementor-element elementor-element-1094dbd e-con-full e-flex e-con e-child\" data-id=\"1094dbd\" data-element_type=\"container\" data-e-type=\"container\">\n\t\t\t\t<div class=\"elementor-element elementor-element-cd381dd elementor-widget elementor-widget-image\" data-id=\"cd381dd\" data-element_type=\"widget\" data-e-type=\"widget\" data-widget_type=\"image.default\">\n\t\t\t\t\t\t\t\t\t\t\t\t\t\t\t<img loading=\"lazy\" decoding=\"async\" width=\"822\" height=\"528\" src=\"https:\/\/pictureurpath.eu\/wp-content\/uploads\/2026\/02\/women-in-tech-challenges-motivation-gap.webp\" class=\"attachment-large size-large wp-image-730\" alt=\"\" srcset=\"https:\/\/pictureurpath.eu\/wp-content\/uploads\/2026\/02\/women-in-tech-challenges-motivation-gap.webp 822w, https:\/\/pictureurpath.eu\/wp-content\/uploads\/2026\/02\/women-in-tech-challenges-motivation-gap-300x193.webp 300w, https:\/\/pictureurpath.eu\/wp-content\/uploads\/2026\/02\/women-in-tech-challenges-motivation-gap-768x493.webp 768w\" sizes=\"(max-width: 822px) 100vw, 822px\" \/>\t\t\t\t\t\t\t\t\t\t\t\t\t\t\t<\/div>\n\t\t\t\t<\/div>\n\t\t\t\t<\/div>\n\t\t\t\t\t<\/div>\n\t\t\t\t<\/div>\n\t\t<div class=\"elementor-element elementor-element-b79aaff e-flex e-con-boxed e-con e-parent\" data-id=\"b79aaff\" data-element_type=\"container\" data-e-type=\"container\">\n\t\t\t\t\t<div class=\"e-con-inner\">\n\t\t<div class=\"elementor-element elementor-element-1d8fd2e e-con-full e-flex e-con e-child\" data-id=\"1d8fd2e\" data-element_type=\"container\" data-e-type=\"container\">\n\t\t<div class=\"elementor-element elementor-element-ab09225 e-con-full e-flex e-con e-child\" data-id=\"ab09225\" data-element_type=\"container\" data-e-type=\"container\">\n\t\t<div class=\"elementor-element elementor-element-614152a e-con-full e-flex e-con e-child\" data-id=\"614152a\" data-element_type=\"container\" data-e-type=\"container\">\n\t\t\t\t<div class=\"elementor-element elementor-element-94bbb9c elementor-widget elementor-widget-image\" data-id=\"94bbb9c\" data-element_type=\"widget\" data-e-type=\"widget\" data-widget_type=\"image.default\">\n\t\t\t\t\t\t\t\t\t\t\t\t\t\t\t<img loading=\"lazy\" decoding=\"async\" width=\"83\" height=\"88\" src=\"https:\/\/pictureurpath.eu\/wp-content\/uploads\/2026\/02\/4.9it.jpg\" class=\"attachment-large size-large wp-image-759\" alt=\"\" \/>\t\t\t\t\t\t\t\t\t\t\t\t\t\t\t<\/div>\n\t\t\t\t<\/div>\n\t\t<div class=\"elementor-element elementor-element-1d4212d e-con-full e-flex e-con e-child\" data-id=\"1d4212d\" data-element_type=\"container\" data-e-type=\"container\">\n\t\t\t\t<div class=\"elementor-element elementor-element-9c97965 elementor-widget elementor-widget-heading\" data-id=\"9c97965\" data-element_type=\"widget\" data-e-type=\"widget\" data-widget_type=\"heading.default\">\n\t\t\t\t\t<h2 class=\"elementor-heading-title elementor-size-default\">Dalle barriere alle opportunit\u00e0: forzare le donne nelle ICT \u2013 Evento<\/h2>\t\t\t\t<\/div>\n\t\t\t\t<div class=\"elementor-element elementor-element-438bc91 elementor-widget elementor-widget-button\" data-id=\"438bc91\" data-element_type=\"widget\" data-e-type=\"widget\" data-widget_type=\"button.default\">\n\t\t\t\t\t\t\t\t\t\t<a class=\"elementor-button elementor-button-link elementor-size-sm\" href=\"https:\/\/pictureurpath.eu\/?page_id=910&#038;lang=it\">\n\t\t\t\t\t\t<span class=\"elementor-button-content-wrapper\">\n\t\t\t\t\t\t\t\t\t<span class=\"elementor-button-text\"> Per saperne di pi\u00f9<\/span>\n\t\t\t\t\t<\/span>\n\t\t\t\t\t<\/a>\n\t\t\t\t\t\t\t\t<\/div>\n\t\t\t\t<\/div>\n\t\t\t\t<\/div>\n\t\t\t\t<\/div>\n\t\t\t\t\t<\/div>\n\t\t\t\t<\/div>\n\t\t<div class=\"elementor-element elementor-element-a9f85f6 e-flex e-con-boxed e-con e-parent\" data-id=\"a9f85f6\" data-element_type=\"container\" data-e-type=\"container\">\n\t\t\t\t\t<div class=\"e-con-inner\">\n\t\t\t\t<div class=\"elementor-element elementor-element-a597250 elementor-absolute elementor-widget elementor-widget-shortcode\" data-id=\"a597250\" data-element_type=\"widget\" data-e-type=\"widget\" data-settings=\"{&quot;_position&quot;:&quot;absolute&quot;}\" data-widget_type=\"shortcode.default\">\n\t\t\t\t\t\t\t<div class=\"elementor-shortcode\">\t\t<div data-elementor-type=\"wp-post\" data-elementor-id=\"313\" class=\"elementor elementor-313\">\n\t\t\t\t<div class=\"elementor-element elementor-element-0e0eb9d e-flex e-con-boxed e-con e-parent\" data-id=\"0e0eb9d\" data-element_type=\"container\" data-e-type=\"container\" data-settings=\"{&quot;background_background&quot;:&quot;classic&quot;}\">\n\t\t\t\t\t<div class=\"e-con-inner\">\n\t\t<div class=\"elementor-element elementor-element-2d44864 e-con-full e-flex e-con e-child\" data-id=\"2d44864\" data-element_type=\"container\" data-e-type=\"container\">\n\t\t\t\t<div class=\"elementor-element elementor-element-e9aba24 elementor-widget elementor-widget-image\" data-id=\"e9aba24\" data-element_type=\"widget\" data-e-type=\"widget\" data-widget_type=\"image.default\">\n\t\t\t\t\t\t\t\t\t\t\t\t\t\t\t<img loading=\"lazy\" decoding=\"async\" width=\"1024\" height=\"227\" src=\"https:\/\/pictureurpath.eu\/wp-content\/uploads\/2025\/08\/IT_Co-fundedbytheEU_RGB_NEG-1024x227.png\" class=\"attachment-large size-large wp-image-421\" alt=\"\" srcset=\"https:\/\/pictureurpath.eu\/wp-content\/uploads\/2025\/08\/IT_Co-fundedbytheEU_RGB_NEG-1024x227.png 1024w, https:\/\/pictureurpath.eu\/wp-content\/uploads\/2025\/08\/IT_Co-fundedbytheEU_RGB_NEG-300x67.png 300w, https:\/\/pictureurpath.eu\/wp-content\/uploads\/2025\/08\/IT_Co-fundedbytheEU_RGB_NEG-768x170.png 768w, https:\/\/pictureurpath.eu\/wp-content\/uploads\/2025\/08\/IT_Co-fundedbytheEU_RGB_NEG-1536x341.png 1536w, https:\/\/pictureurpath.eu\/wp-content\/uploads\/2025\/08\/IT_Co-fundedbytheEU_RGB_NEG-2048x454.png 2048w\" sizes=\"(max-width: 1024px) 100vw, 1024px\" \/>\t\t\t\t\t\t\t\t\t\t\t\t\t\t\t<\/div>\n\t\t\t\t<\/div>\n\t\t<div class=\"elementor-element elementor-element-464742c e-con-full e-flex e-con e-child\" data-id=\"464742c\" data-element_type=\"container\" data-e-type=\"container\">\n\t\t\t\t<div class=\"elementor-element elementor-element-bbb07a1 elementor-widget elementor-widget-text-editor\" data-id=\"bbb07a1\" data-element_type=\"widget\" data-e-type=\"widget\" data-widget_type=\"text-editor.default\">\n\t\t\t\t\t\t\t\t\t<p><span style=\"font-weight: 400;\">Cofinanziato dall\u2019Unione Europea nell\u2019ambito dell\u2019accordo di sovvenzione n. 101195875 (pICTureURpath). Le opinioni espresse appartengono, tuttavia, al solo o ai soli autori e non riflettono necessariamente le opinioni dell\u2019Unione europea o dell\u2019Agenzia esecutiva europea per l\u2019istruzione e la cultura (EACEA). N\u00e9 l\u2019Unione europea n\u00e9 l\u2019EACEA possono esserne ritenute responsabili.<\/span><\/p>\t\t\t\t\t\t\t\t<\/div>\n\t\t\t\t<\/div>\n\t\t\t\t\t<\/div>\n\t\t\t\t<\/div>\n\t\t\t\t<\/div>\n\t\t<\/div>\n\t\t\t\t\t\t<\/div>\n\t\t\t\t\t<\/div>\n\t\t\t\t<\/div>\n\t\t\t\t<\/div>\n\t\t","protected":false},"excerpt":{"rendered":"<p>pICTureURpath Fostering gender balance in pursuing ICT related studies and professions NEWS \ud83c\udf0d Together for Girls in ICT: Understanding Challenges, Shaping Solutions Per saperne di pi\u00f9 La Community e il questionario online del progetto pICTureURpath sono ora attivi! Per saperne di pi\u00f9 Dalle barriere alle opportunit\u00e0: forzare le donne nelle ICT \u2013 Evento Per saperne&hellip;&nbsp;<a href=\"https:\/\/pictureurpath.eu\/?page_id=202&#038;lang=it\" rel=\"bookmark\"><span class=\"screen-reader-text\">NEWS<\/span><\/a><\/p>\n","protected":false},"author":1,"featured_media":0,"parent":0,"menu_order":0,"comment_status":"closed","ping_status":"closed","template":"page-templates\/template-pagebuilder-full-width.php","meta":{"neve_meta_sidebar":"","neve_meta_container":"","neve_meta_enable_content_width":"","neve_meta_content_width":0,"neve_meta_title_alignment":"","neve_meta_author_avatar":"","neve_post_elements_order":"","neve_meta_disable_header":"","neve_meta_disable_footer":"","neve_meta_disable_title":"","footnotes":""},"class_list":["post-202","page","type-page","status-publish","hentry"],"_links":{"self":[{"href":"https:\/\/pictureurpath.eu\/index.php?rest_route=\/wp\/v2\/pages\/202","targetHints":{"allow":["GET"]}}],"collection":[{"href":"https:\/\/pictureurpath.eu\/index.php?rest_route=\/wp\/v2\/pages"}],"about":[{"href":"https:\/\/pictureurpath.eu\/index.php?rest_route=\/wp\/v2\/types\/page"}],"author":[{"embeddable":true,"href":"https:\/\/pictureurpath.eu\/index.php?rest_route=\/wp\/v2\/users\/1"}],"replies":[{"embeddable":true,"href":"https:\/\/pictureurpath.eu\/index.php?rest_route=%2Fwp%2Fv2%2Fcomments&post=202"}],"version-history":[{"count":34,"href":"https:\/\/pictureurpath.eu\/index.php?rest_route=\/wp\/v2\/pages\/202\/revisions"}],"predecessor-version":[{"id":952,"href":"https:\/\/pictureurpath.eu\/index.php?rest_route=\/wp\/v2\/pages\/202\/revisions\/952"}],"wp:attachment":[{"href":"https:\/\/pictureurpath.eu\/index.php?rest_route=%2Fwp%2Fv2%2Fmedia&parent=202"}],"curies":[{"name":"wp","href":"https:\/\/api.w.org\/{rel}","templated":true}]}}